{"id":990327,"date":"2024-10-17T15:38:14","date_gmt":"2024-10-17T13:38:14","guid":{"rendered":"https:\/\/markuswines.com\/?post_type=product&#038;p=990327"},"modified":"2026-01-08T12:36:17","modified_gmt":"2026-01-08T11:36:17","slug":"serendipity-2022","status":"publish","type":"product","link":"https:\/\/markuswines.com\/hr\/proizvod\/serendipity-2022\/","title":{"rendered":"Serendipity"},"content":{"rendered":"<div class=\"vgblk-rw-wrapper limit-wrapper\"><strong>DEGUSTACIJA<\/strong><br \/>\nOvaj Chardonnay, intenzivne zlatne boje, osvaja nje\u017enim notama ru\u017ee, svje\u017eeg badema, citrusa, meda i egzoti\u010dnog za\u010dinjenog drveta. Nakon 8 mjeseci dozrijevanja u francuskom hrastu, nudi veli\u010danstveno, dobro uravnote\u017eeno nepce koje vodi do \u017eivahnog i slo\u017eenog zavr\u0161etka.<\/p>\n<p><strong>VINIFIKACIJA<\/strong><br \/>\nOdabir najboljih grozdova, hladna maceracija 24 sata, fermentacija u posudama od nehr\u0111aju\u0107eg \u010delika, nakon \u010dega slijedi dozrijevanje od 8 mjeseci u francuskom hrastu na finom talogu.<\/p>\n<p><strong>SAZRIJEVANJE<\/strong><br \/>\n8 mjeseci u francuskom hrastu i 6 mjeseci u boci.<\/p>\n<p><strong>UPARIVANJE<\/strong><br \/>\ntvrdi sirevi, sve delikatne riblje delicije u umacima poput &#8220;brudeta&#8221;, rakovi, foie gras, bijelo meso i perad.<\/div>\n<p><!-- .vgblk-rw-wrapper --><\/p>\n","protected":false},"excerpt":{"rendered":"<p>Vrsta vina: Suho bijelo<br \/>\nBerba: 2022.<br \/>\nSorta: Chardonnay<br \/>\nZemlja: Hrvatska<br \/>\nRegija: Istra, Slavonija<br \/>\nVolumen: 0,75 L<br \/>\nAlkohol: 13,5 %<br \/>\nProizvodnja boca: 7.300<br \/>\nServiranje: 12 \u00b0C<\/p>\n","protected":false},"featured_media":990347,"comment_status":"closed","ping_status":"closed","template":"","meta":[],"product_cat":[81],"product_tag":[],"class_list":["post-990327","product","type-product","status-publish","has-post-thumbnail","hentry","product_cat-bijelo","product_shipping_class-075-hr"],"_links":{"self":[{"href":"https:\/\/markuswines.com\/hr\/wp-json\/wp\/v2\/product\/990327","targetHints":{"allow":["GET"]}}],"collection":[{"href":"https:\/\/markuswines.com\/hr\/wp-json\/wp\/v2\/product"}],"about":[{"href":"https:\/\/markuswines.com\/hr\/wp-json\/wp\/v2\/types\/product"}],"replies":[{"embeddable":true,"href":"https:\/\/markuswines.com\/hr\/wp-json\/wp\/v2\/comments?post=990327"}],"version-history":[{"count":3,"href":"https:\/\/markuswines.com\/hr\/wp-json\/wp\/v2\/product\/990327\/revisions"}],"predecessor-version":[{"id":990346,"href":"https:\/\/markuswines.com\/hr\/wp-json\/wp\/v2\/product\/990327\/revisions\/990346"}],"wp:featuredmedia":[{"embeddable":true,"href":"https:\/\/markuswines.com\/hr\/wp-json\/wp\/v2\/media\/990347"}],"wp:attachment":[{"href":"https:\/\/markuswines.com\/hr\/wp-json\/wp\/v2\/media?parent=990327"}],"wp:term":[{"taxonomy":"product_cat","embeddable":true,"href":"https:\/\/markuswines.com\/hr\/wp-json\/wp\/v2\/product_cat?post=990327"},{"taxonomy":"product_tag","embeddable":true,"href":"https:\/\/markuswines.com\/hr\/wp-json\/wp\/v2\/product_tag?post=990327"}],"curies":[{"name":"wp","href":"https:\/\/api.w.org\/{rel}","templated":true}]}}