{"id":989871,"date":"2023-07-10T16:15:13","date_gmt":"2023-07-10T14:15:13","guid":{"rendered":"https:\/\/dev.markuswines.com\/?post_type=product&#038;p=989871"},"modified":"2026-01-08T12:04:27","modified_gmt":"2026-01-08T11:04:27","slug":"babic","status":"publish","type":"product","link":"https:\/\/markuswines.com\/hr\/proizvod\/babic\/","title":{"rendered":"Babi\u0107"},"content":{"rendered":"<div class=\"vgblk-rw-wrapper limit-wrapper\"><strong>DEGUSTACIJA<\/strong><br \/>\nIntenzivne arome kupine, drobljenog kamena i za\u010dinskog tamjana otkrivaju se s vremenom.Harmoni\u010dno nepce s bar\u0161unastim taninima, savr\u0161eno procijenjenom kiselo\u0161\u0107u koja ulijeva svjetlucavo crveno vo\u0107e prema iznimno postojanom zavr\u0161etku.<\/p>\n<p>&nbsp;<\/p>\n<p><strong>VINIFIKACIJA<\/strong><br \/>\nGro\u017e\u0111e je brano u dva navrata &#8211; prvi put s trsova ju\u017ene orijentacije, a drugi, sedam dana kasnije, sa sjevernih vinograda u apelaciji Podgreben. Gro\u017e\u0111e je zatim pro\u0161lo 48-satnu hladnu maceraciju, nakon \u010dega je uslijedila 10-dnevna fermentacija uz maceraciju.<\/p>\n<p><strong>SAZRIJEVANJE<\/strong><br \/>\nU francuskom hrastu odle\u017ealo 24 mjeseca.<\/p>\n<p><strong>UPARIVANJE<\/strong><br \/>\nSavr\u0161eno je pogodan za jela od crvenog<br \/>\nmesa, posebno odrezak.<\/div>\n<p><!-- .vgblk-rw-wrapper --><\/p>\n","protected":false},"excerpt":{"rendered":"<p>Vrsta vina: Suho crveno<br \/>\nBerba: 2019.<br \/>\nSorta: Babi\u0107<br \/>\nDr\u017eava: Hrvatska<br \/>\nRegija: Dalmacija<br \/>\nVinograd: Podgreben, Primo\u0161ten<br \/>\nKoli\u010dina: 0,75 L<br \/>\nAlkohol: 14,5 %<br \/>\nProizvodnja boca: 1400<br \/>\nPoslu\u017eivanje: 15 \u00b0c<\/p>\n","protected":false},"featured_media":990353,"comment_status":"closed","ping_status":"closed","template":"","meta":[],"product_cat":[79],"product_tag":[],"class_list":["post-989871","product","type-product","status-publish","has-post-thumbnail","hentry","product_cat-crno","product_shipping_class-075-hr"],"_links":{"self":[{"href":"https:\/\/markuswines.com\/hr\/wp-json\/wp\/v2\/product\/989871","targetHints":{"allow":["GET"]}}],"collection":[{"href":"https:\/\/markuswines.com\/hr\/wp-json\/wp\/v2\/product"}],"about":[{"href":"https:\/\/markuswines.com\/hr\/wp-json\/wp\/v2\/types\/product"}],"replies":[{"embeddable":true,"href":"https:\/\/markuswines.com\/hr\/wp-json\/wp\/v2\/comments?post=989871"}],"version-history":[{"count":6,"href":"https:\/\/markuswines.com\/hr\/wp-json\/wp\/v2\/product\/989871\/revisions"}],"predecessor-version":[{"id":990315,"href":"https:\/\/markuswines.com\/hr\/wp-json\/wp\/v2\/product\/989871\/revisions\/990315"}],"wp:featuredmedia":[{"embeddable":true,"href":"https:\/\/markuswines.com\/hr\/wp-json\/wp\/v2\/media\/990353"}],"wp:attachment":[{"href":"https:\/\/markuswines.com\/hr\/wp-json\/wp\/v2\/media?parent=989871"}],"wp:term":[{"taxonomy":"product_cat","embeddable":true,"href":"https:\/\/markuswines.com\/hr\/wp-json\/wp\/v2\/product_cat?post=989871"},{"taxonomy":"product_tag","embeddable":true,"href":"https:\/\/markuswines.com\/hr\/wp-json\/wp\/v2\/product_tag?post=989871"}],"curies":[{"name":"wp","href":"https:\/\/api.w.org\/{rel}","templated":true}]}}