{"id":989869,"date":"2023-07-10T16:14:57","date_gmt":"2023-07-10T14:14:57","guid":{"rendered":"https:\/\/dev.markuswines.com\/?post_type=product&#038;p=989869"},"modified":"2026-01-08T12:02:34","modified_gmt":"2026-01-08T11:02:34","slug":"fetivi","status":"publish","type":"product","link":"https:\/\/markuswines.com\/hr\/proizvod\/fetivi\/","title":{"rendered":"Fetivi"},"content":{"rendered":"<div class=\"vgblk-rw-wrapper limit-wrapper\"><strong>DEGUSTACIJA<\/strong><br \/>\nIntenzivan i kompleksan buket crvene tre\u0161nje i kupine pomije\u0161an s notama minerala, sladi\u0107a, svje\u017eeg svijetlog duhana i da\u0161kom svje\u017eeg crnog ribiza. Punog tijela s bogatim taninom, ali okruglim okvirom i izvanrednom fino\u0107om.<\/p>\n<p>&nbsp;<\/p>\n<p><strong>VINIFIKACIJA<\/strong><br \/>\nFermentacija i maceracija u velikim hrastovim ba\u010dvama.<\/p>\n<p><strong>SAZRIJEVANJE<\/strong><br \/>\nU francuskom hrastu odle\u017ealo 24 mjeseca.<\/p>\n<p><strong>UPARIVANJE<\/strong><br \/>\nSavr\u0161eno je prikladan za jela od crvenog mesa, posebno odrezak.<\/div>\n<p><!-- .vgblk-rw-wrapper --><\/p>\n","protected":false},"excerpt":{"rendered":"<p>Vrsta vina: Suho crveno<br \/>\nBerba: 2020.<br \/>\nSorta: 87% Crljenak (Zinfandel) &amp; 13% Babi\u0107<br \/>\nDr\u017eava: Hrvatska<br \/>\nRegija: Dalmacija<br \/>\nVinograd: Podgreben, Primo\u0161ten; Ka\u0161tela<br \/>\nKoli\u010dina: 0,75 L<br \/>\nAlkohol: 14 %<br \/>\nProizvodnja boca: 6 600<br \/>\nPoslu\u017eivanje: 15 \u00b0c<\/p>\n","protected":false},"featured_media":990357,"comment_status":"closed","ping_status":"closed","template":"","meta":[],"product_cat":[79],"product_tag":[],"class_list":["post-989869","product","type-product","status-publish","has-post-thumbnail","hentry","product_cat-crno","product_shipping_class-075-hr"],"_links":{"self":[{"href":"https:\/\/markuswines.com\/hr\/wp-json\/wp\/v2\/product\/989869","targetHints":{"allow":["GET"]}}],"collection":[{"href":"https:\/\/markuswines.com\/hr\/wp-json\/wp\/v2\/product"}],"about":[{"href":"https:\/\/markuswines.com\/hr\/wp-json\/wp\/v2\/types\/product"}],"replies":[{"embeddable":true,"href":"https:\/\/markuswines.com\/hr\/wp-json\/wp\/v2\/comments?post=989869"}],"version-history":[{"count":3,"href":"https:\/\/markuswines.com\/hr\/wp-json\/wp\/v2\/product\/989869\/revisions"}],"predecessor-version":[{"id":990289,"href":"https:\/\/markuswines.com\/hr\/wp-json\/wp\/v2\/product\/989869\/revisions\/990289"}],"wp:featuredmedia":[{"embeddable":true,"href":"https:\/\/markuswines.com\/hr\/wp-json\/wp\/v2\/media\/990357"}],"wp:attachment":[{"href":"https:\/\/markuswines.com\/hr\/wp-json\/wp\/v2\/media?parent=989869"}],"wp:term":[{"taxonomy":"product_cat","embeddable":true,"href":"https:\/\/markuswines.com\/hr\/wp-json\/wp\/v2\/product_cat?post=989869"},{"taxonomy":"product_tag","embeddable":true,"href":"https:\/\/markuswines.com\/hr\/wp-json\/wp\/v2\/product_tag?post=989869"}],"curies":[{"name":"wp","href":"https:\/\/api.w.org\/{rel}","templated":true}]}}