{"id":989867,"date":"2023-07-10T16:13:18","date_gmt":"2023-07-10T14:13:18","guid":{"rendered":"https:\/\/dev.markuswines.com\/?post_type=product&#038;p=989867"},"modified":"2026-01-08T11:43:35","modified_gmt":"2026-01-08T10:43:35","slug":"dan-po-dan","status":"publish","type":"product","link":"https:\/\/markuswines.com\/hr\/proizvod\/dan-po-dan\/","title":{"rendered":"Dan po dan"},"content":{"rendered":"<div class=\"vgblk-rw-wrapper limit-wrapper\"><strong>DEGUSTACIJA<\/strong><br \/>\nZrelo vo\u0107e, bijelo cvije\u0107e, zeleni bademi i prekrasan slani, mineralni morski okus definiraju njegov buket. Srednje je do punog, \u010dvrstog okusa i izvrsnog zavr\u0161etka.<\/p>\n<p>&nbsp;<\/p>\n<p><strong>VINIFIKACIJA<\/strong><br \/>\nOdabir najboljeg gro\u017e\u0111a, hladna maceracija od 24 sata. Fermentirano u inoksu, potom odle\u017eano 10 mjeseci u francuskoj hrastovini na finom talogu.<\/p>\n<p><strong>SAZRIJEVANJE<\/strong><br \/>\n10 mjeseci u francuskom hrastu i 6 mjeseci u boci.<\/p>\n<p><strong>UPARIVANJE<\/strong><br \/>\nBijela riba, jela od tjestenine, ri\u017eoto, brudet.<\/div>\n<p><!-- .vgblk-rw-wrapper --><\/p>\n","protected":false},"excerpt":{"rendered":"<p>Vrsta vina: Suho bijelo<br \/>\nBerba: 2022.<br \/>\nSorta: Po\u0161ip<br \/>\nDr\u017eava: Hrvatska<br \/>\nRegija: Dalmacija<br \/>\nVinograd: Kor\u010dula, \u010cara<br \/>\nKoli\u010dina: 0,75 L<br \/>\nAlkohol: 13,5 %<br \/>\nProizvodnja boca: 5 000<br \/>\nPoslu\u017eivanje: 12 \u00b0c<\/p>\n","protected":false},"featured_media":990371,"comment_status":"closed","ping_status":"closed","template":"","meta":[],"product_cat":[81],"product_tag":[],"class_list":["post-989867","product","type-product","status-publish","has-post-thumbnail","hentry","product_cat-bijelo","product_shipping_class-075-hr"],"_links":{"self":[{"href":"https:\/\/markuswines.com\/hr\/wp-json\/wp\/v2\/product\/989867","targetHints":{"allow":["GET"]}}],"collection":[{"href":"https:\/\/markuswines.com\/hr\/wp-json\/wp\/v2\/product"}],"about":[{"href":"https:\/\/markuswines.com\/hr\/wp-json\/wp\/v2\/types\/product"}],"replies":[{"embeddable":true,"href":"https:\/\/markuswines.com\/hr\/wp-json\/wp\/v2\/comments?post=989867"}],"version-history":[{"count":4,"href":"https:\/\/markuswines.com\/hr\/wp-json\/wp\/v2\/product\/989867\/revisions"}],"predecessor-version":[{"id":990324,"href":"https:\/\/markuswines.com\/hr\/wp-json\/wp\/v2\/product\/989867\/revisions\/990324"}],"wp:featuredmedia":[{"embeddable":true,"href":"https:\/\/markuswines.com\/hr\/wp-json\/wp\/v2\/media\/990371"}],"wp:attachment":[{"href":"https:\/\/markuswines.com\/hr\/wp-json\/wp\/v2\/media?parent=989867"}],"wp:term":[{"taxonomy":"product_cat","embeddable":true,"href":"https:\/\/markuswines.com\/hr\/wp-json\/wp\/v2\/product_cat?post=989867"},{"taxonomy":"product_tag","embeddable":true,"href":"https:\/\/markuswines.com\/hr\/wp-json\/wp\/v2\/product_tag?post=989867"}],"curies":[{"name":"wp","href":"https:\/\/api.w.org\/{rel}","templated":true}]}}