{"id":989853,"date":"2023-07-10T16:12:16","date_gmt":"2023-07-10T14:12:16","guid":{"rendered":"https:\/\/dev.markuswines.com\/?post_type=product&#038;p=989853"},"modified":"2026-01-08T11:41:55","modified_gmt":"2026-01-08T10:41:55","slug":"o-tom-potom","status":"publish","type":"product","link":"https:\/\/markuswines.com\/hr\/proizvod\/o-tom-potom\/","title":{"rendered":"O tom potom"},"content":{"rendered":"<div class=\"vgblk-rw-wrapper limit-wrapper\"><strong>DEGUSTACIJA<\/strong><br \/>\nArome ananasa i manga vode nje\u017enu kiselost stvaraju\u0107i dugu, uzbudljivu zavr\u0161nicu.<\/p>\n<p>&nbsp;<\/p>\n<p><strong>VINIFIKACIJA<\/strong><br \/>\nVino stvoreno da do\u010dara profinjenu ljepotu autohtone dalmatinske sorte po\u0161ip. Nakon kratke hladne maceracije fermentirano je i pa\u017eljivo odle\u017ealo u spremnicima od inoksa kako bi se odr\u017eala prirodna suptilna vo\u0107nost.<\/p>\n<p><strong>SAZRIJEVANJE<\/strong><br \/>\n10 mjeseci odle\u017eano u boci.<\/p>\n<p><strong>UPARIVANJE<\/strong><br \/>\nBijela riba, lagani ri\u017eoto ili tjestenina.<\/div>\n<p><!-- .vgblk-rw-wrapper --><\/p>\n","protected":false},"excerpt":{"rendered":"<p>Vrsta vina: Suho bijelo<br \/>\nBerba: 2024.<br \/>\nSorta: Po\u0161ip<br \/>\nDr\u017eava: Hrvatska<br \/>\nRegija: Dalmacija<br \/>\nVinograd: Kor\u010dula, \u010cara<br \/>\nKoli\u010dina: 0,75 L<br \/>\nAlkohol: 13 %<br \/>\nProizvodnja boca: 6 000<br \/>\nPoslu\u017eivanje: 12 \u00b0c<\/p>\n","protected":false},"featured_media":990415,"comment_status":"closed","ping_status":"closed","template":"","meta":[],"product_cat":[81],"product_tag":[],"class_list":["post-989853","product","type-product","status-publish","has-post-thumbnail","hentry","product_cat-bijelo","product_shipping_class-075-hr"],"_links":{"self":[{"href":"https:\/\/markuswines.com\/hr\/wp-json\/wp\/v2\/product\/989853","targetHints":{"allow":["GET"]}}],"collection":[{"href":"https:\/\/markuswines.com\/hr\/wp-json\/wp\/v2\/product"}],"about":[{"href":"https:\/\/markuswines.com\/hr\/wp-json\/wp\/v2\/types\/product"}],"replies":[{"embeddable":true,"href":"https:\/\/markuswines.com\/hr\/wp-json\/wp\/v2\/comments?post=989853"}],"version-history":[{"count":6,"href":"https:\/\/markuswines.com\/hr\/wp-json\/wp\/v2\/product\/989853\/revisions"}],"predecessor-version":[{"id":990439,"href":"https:\/\/markuswines.com\/hr\/wp-json\/wp\/v2\/product\/989853\/revisions\/990439"}],"wp:featuredmedia":[{"embeddable":true,"href":"https:\/\/markuswines.com\/hr\/wp-json\/wp\/v2\/media\/990415"}],"wp:attachment":[{"href":"https:\/\/markuswines.com\/hr\/wp-json\/wp\/v2\/media?parent=989853"}],"wp:term":[{"taxonomy":"product_cat","embeddable":true,"href":"https:\/\/markuswines.com\/hr\/wp-json\/wp\/v2\/product_cat?post=989853"},{"taxonomy":"product_tag","embeddable":true,"href":"https:\/\/markuswines.com\/hr\/wp-json\/wp\/v2\/product_tag?post=989853"}],"curies":[{"name":"wp","href":"https:\/\/api.w.org\/{rel}","templated":true}]}}