{"id":989839,"date":"2023-07-10T16:09:14","date_gmt":"2023-07-10T14:09:14","guid":{"rendered":"https:\/\/dev.markuswines.com\/?post_type=product&#038;p=989839"},"modified":"2026-01-08T11:38:50","modified_gmt":"2026-01-08T10:38:50","slug":"rose","status":"publish","type":"product","link":"https:\/\/markuswines.com\/hr\/proizvod\/rose\/","title":{"rendered":"Ros\u00e9"},"content":{"rendered":"<p><strong>DEGUSTACIJA<\/strong><br \/>\nUz nje\u017enu ru\u017ei\u010dastu boju, ovaj ros\u00e9 otkriva kompleksnost nota egzoti\u010dnog vo\u0107a i da\u0161ak ljubi\u010dastog cvije\u0107a. Na nepcu zavodljiv, s okusima lubenice i ko\u0161tunjavog vo\u0107a koji se razvijaju u cvjetni zavr\u0161etak.<\/p>\n<p><strong>VINIFIKACIJA<\/strong><br \/>\nFermentacija u inox ba\u010dvama u kontroliranom okru\u017eenju. Direktno pre\u0161anje gro\u017e\u0111a bez maceracije, zatim fermentacija u inoksu.<\/p>\n<p><strong>UPARIVANJE<\/strong><br \/>\nKao pi\u0107e dobrodo\u0161lice, riblja jela, carrpacio od tune, bijelo meso.<\/p>\n","protected":false},"excerpt":{"rendered":"<p>Vrsta vina: Suhi Ros\u00e9<br \/>\nBerba: 2024.<br \/>\nSorta: Syrah, Grenache,<br \/>\nDr\u017eava: Hrvatska<br \/>\nRegija: Dalmacija<br \/>\nVinograd: Nadin, ekolo\u0161ki vinograd<br \/>\nKoli\u010dina: 0,75 L<br \/>\nAlkohol: 12,5 %<br \/>\nProizvodnja boca: 16 000<br \/>\nPoslu\u017eivanje: 10 \u00b0c<\/p>\n","protected":false},"featured_media":990421,"comment_status":"closed","ping_status":"closed","template":"","meta":[],"product_cat":[80],"product_tag":[],"class_list":["post-989839","product","type-product","status-publish","has-post-thumbnail","hentry","product_cat-rose-hr","product_shipping_class-075-hr"],"_links":{"self":[{"href":"https:\/\/markuswines.com\/hr\/wp-json\/wp\/v2\/product\/989839","targetHints":{"allow":["GET"]}}],"collection":[{"href":"https:\/\/markuswines.com\/hr\/wp-json\/wp\/v2\/product"}],"about":[{"href":"https:\/\/markuswines.com\/hr\/wp-json\/wp\/v2\/types\/product"}],"replies":[{"embeddable":true,"href":"https:\/\/markuswines.com\/hr\/wp-json\/wp\/v2\/comments?post=989839"}],"version-history":[{"count":6,"href":"https:\/\/markuswines.com\/hr\/wp-json\/wp\/v2\/product\/989839\/revisions"}],"predecessor-version":[{"id":990434,"href":"https:\/\/markuswines.com\/hr\/wp-json\/wp\/v2\/product\/989839\/revisions\/990434"}],"wp:featuredmedia":[{"embeddable":true,"href":"https:\/\/markuswines.com\/hr\/wp-json\/wp\/v2\/media\/990421"}],"wp:attachment":[{"href":"https:\/\/markuswines.com\/hr\/wp-json\/wp\/v2\/media?parent=989839"}],"wp:term":[{"taxonomy":"product_cat","embeddable":true,"href":"https:\/\/markuswines.com\/hr\/wp-json\/wp\/v2\/product_cat?post=989839"},{"taxonomy":"product_tag","embeddable":true,"href":"https:\/\/markuswines.com\/hr\/wp-json\/wp\/v2\/product_tag?post=989839"}],"curies":[{"name":"wp","href":"https:\/\/api.w.org\/{rel}","templated":true}]}}