{"id":989826,"date":"2023-07-10T16:17:20","date_gmt":"2023-07-10T14:17:20","guid":{"rendered":"https:\/\/dev.markuswines.com\/?post_type=product&#038;p=989826"},"modified":"2026-01-08T11:46:35","modified_gmt":"2026-01-08T10:46:35","slug":"veliko-crno","status":"publish","type":"product","link":"https:\/\/markuswines.com\/hr\/proizvod\/veliko-crno\/","title":{"rendered":"Veliko Crno"},"content":{"rendered":"<div class=\"vgblk-rw-wrapper limit-wrapper\"><strong>DEGUSTACIJA<\/strong><br \/>\nVeliko crno savr\u0161ena je ravnote\u017ea snage i fino\u0107e. Prva aroma je za\u010dinsko bilje i papar, zatim borovnice i crni ribiz s toplim aromama drveta. Svje\u017eina i mineralnost nadinske zemlje zaokru\u017euju sve komponente u savr\u0161enu ravnote\u017eu. Klasi\u010dni bordo\u0161ki izraz crnog vina namijenjenog du\u017eem odle\u017eavanju preko deset godina.<\/p>\n<p>&nbsp;<\/p>\n<p><strong>VINIFIKACIJA<\/strong><br \/>\n48 h hladne maceracije, nakon \u010dega slijedi fermentacija i 10 dana maceracije.<\/p>\n<p><strong>SAZRIJEVANJE<\/strong><br \/>\nOdle\u017ealo 12 mjeseci u francuskom hrastu.<\/p>\n<p><strong>UPARIVANJE<\/strong><br \/>\nSavr\u0161eno je pogodan za jela od crvenog mesa, posebno odrezak.<\/div>\n<p><!-- .vgblk-rw-wrapper --><\/p>\n","protected":false},"excerpt":{"rendered":"<p>Vrsta vina: Suho crveno<br \/>\nBerba: 2017<br \/>\nSorta: 50% Merlot, 50% Cabernet Sauvignon<br \/>\nDr\u017eava: Hrvatska<br \/>\nRegija: Dalmacija<br \/>\nVinograd: Nadin, ekolo\u0161ki vinograd<br \/>\nKoli\u010dina: 0,75 L<br \/>\nAlkohol: 14,5 %<br \/>\nProizvodnja boca: 2 600<br \/>\nPoslu\u017eivanje: 15 \u00b0c<\/p>\n","protected":false},"featured_media":990429,"comment_status":"closed","ping_status":"closed","template":"","meta":[],"product_cat":[79],"product_tag":[],"class_list":["post-989826","product","type-product","status-publish","has-post-thumbnail","hentry","product_cat-crno","product_shipping_class-075-hr"],"_links":{"self":[{"href":"https:\/\/markuswines.com\/hr\/wp-json\/wp\/v2\/product\/989826","targetHints":{"allow":["GET"]}}],"collection":[{"href":"https:\/\/markuswines.com\/hr\/wp-json\/wp\/v2\/product"}],"about":[{"href":"https:\/\/markuswines.com\/hr\/wp-json\/wp\/v2\/types\/product"}],"replies":[{"embeddable":true,"href":"https:\/\/markuswines.com\/hr\/wp-json\/wp\/v2\/comments?post=989826"}],"version-history":[{"count":4,"href":"https:\/\/markuswines.com\/hr\/wp-json\/wp\/v2\/product\/989826\/revisions"}],"predecessor-version":[{"id":990319,"href":"https:\/\/markuswines.com\/hr\/wp-json\/wp\/v2\/product\/989826\/revisions\/990319"}],"wp:featuredmedia":[{"embeddable":true,"href":"https:\/\/markuswines.com\/hr\/wp-json\/wp\/v2\/media\/990429"}],"wp:attachment":[{"href":"https:\/\/markuswines.com\/hr\/wp-json\/wp\/v2\/media?parent=989826"}],"wp:term":[{"taxonomy":"product_cat","embeddable":true,"href":"https:\/\/markuswines.com\/hr\/wp-json\/wp\/v2\/product_cat?post=989826"},{"taxonomy":"product_tag","embeddable":true,"href":"https:\/\/markuswines.com\/hr\/wp-json\/wp\/v2\/product_tag?post=989826"}],"curies":[{"name":"wp","href":"https:\/\/api.w.org\/{rel}","templated":true}]}}