{"id":989778,"date":"2023-07-10T16:11:11","date_gmt":"2023-07-10T14:11:11","guid":{"rendered":"https:\/\/dev.markuswines.com\/?post_type=product&#038;p=989778"},"modified":"2026-01-08T12:03:30","modified_gmt":"2026-01-08T11:03:30","slug":"pepejuh-2","status":"publish","type":"product","link":"https:\/\/markuswines.com\/hr\/proizvod\/pepejuh-2\/","title":{"rendered":"Pepejuh"},"content":{"rendered":"<div class=\"vgblk-rw-wrapper limit-wrapper\"><strong>DEGUSTACIJA<\/strong><br \/>\nDuboke ljubi\u010daste boje u \u010da\u0161i, ovaj plavac mali iznimno je elegantan ispunjen fino zrnastim zrelim taninima. Mirisi kupine, \u0161ljive pra\u0107eni su\u0161enim mediteranskim biljem najavljuju puno tijelo aromama tamne \u010dokolade i zrna kave. Dug i postojan zavr\u0161etak sa svilenkastim i \u010dvrstim taninima.<\/p>\n<p>&nbsp;<\/p>\n<p><strong>VINIFIKACIJA<\/strong><br \/>\n48 h hladne maceracije, namakanje nakon \u010dega slijedi 7 dana maceracije s fermentacijom.<\/p>\n<p><strong>SAZRIJEVANJE<\/strong><br \/>\n18 mjeseci u francuskom hrastu.<\/p>\n<p><strong>UPARIVANJE<\/strong><br \/>\nMeso, tvrdi sir, \u010dokolada.<\/div>\n<p><!-- .vgblk-rw-wrapper --><\/p>\n","protected":false},"excerpt":{"rendered":"<p>Vrsta vina: Suho crveno<br \/>\nBerba: 2019.<br \/>\nSorta: Plavac mali<br \/>\nDr\u017eava: Hrvatska<br \/>\nRegija: Dalmacija<br \/>\nVinograd: Pelje\u0161ac, Dinga\u010d<br \/>\nKoli\u010dina: 0,75 L<br \/>\nAlkohol: 14,5 %<br \/>\nProizvodnja boca: 2 600<br \/>\nPoslu\u017eivanje: 15 \u00b0c<\/p>\n","protected":false},"featured_media":990417,"comment_status":"closed","ping_status":"closed","template":"","meta":[],"product_cat":[79],"product_tag":[],"class_list":["post-989778","product","type-product","status-publish","has-post-thumbnail","hentry","product_cat-crno","product_shipping_class-075-hr"],"_links":{"self":[{"href":"https:\/\/markuswines.com\/hr\/wp-json\/wp\/v2\/product\/989778","targetHints":{"allow":["GET"]}}],"collection":[{"href":"https:\/\/markuswines.com\/hr\/wp-json\/wp\/v2\/product"}],"about":[{"href":"https:\/\/markuswines.com\/hr\/wp-json\/wp\/v2\/types\/product"}],"replies":[{"embeddable":true,"href":"https:\/\/markuswines.com\/hr\/wp-json\/wp\/v2\/comments?post=989778"}],"version-history":[{"count":6,"href":"https:\/\/markuswines.com\/hr\/wp-json\/wp\/v2\/product\/989778\/revisions"}],"predecessor-version":[{"id":990432,"href":"https:\/\/markuswines.com\/hr\/wp-json\/wp\/v2\/product\/989778\/revisions\/990432"}],"wp:featuredmedia":[{"embeddable":true,"href":"https:\/\/markuswines.com\/hr\/wp-json\/wp\/v2\/media\/990417"}],"wp:attachment":[{"href":"https:\/\/markuswines.com\/hr\/wp-json\/wp\/v2\/media?parent=989778"}],"wp:term":[{"taxonomy":"product_cat","embeddable":true,"href":"https:\/\/markuswines.com\/hr\/wp-json\/wp\/v2\/product_cat?post=989778"},{"taxonomy":"product_tag","embeddable":true,"href":"https:\/\/markuswines.com\/hr\/wp-json\/wp\/v2\/product_tag?post=989778"}],"curies":[{"name":"wp","href":"https:\/\/api.w.org\/{rel}","templated":true}]}}