{"id":989771,"date":"2023-07-10T16:10:16","date_gmt":"2023-07-10T14:10:16","guid":{"rendered":"https:\/\/dev.markuswines.com\/?post_type=product&#038;p=989771"},"modified":"2026-01-08T12:05:21","modified_gmt":"2026-01-08T11:05:21","slug":"franz-ferdinand-103","status":"publish","type":"product","link":"https:\/\/markuswines.com\/hr\/proizvod\/franz-ferdinand-103\/","title":{"rendered":"Franz Ferdinand 103"},"content":{"rendered":"<div class=\"vgblk-rw-wrapper limit-wrapper\"><strong>DEGUSTACIJA<\/strong><br \/>\nOvo vino obilje\u017eavaju izuzetna koncentracija i dubina okusa. Dominantan okus je so\u010dne kupine, dok se u pozadini primje\u0107uje trag dima i kiselkastih vi\u0161anja. Tanini su bar\u0161unasti i elegantno izbalansirani, a kiselina je osvje\u017eavaju\u0107a, ali umjerena. Postoji savr\u0161ena harmonija izme\u0111u puno\u0107e i svje\u017eine. Retrookus je intenzivan i \u017eivahan, potpuno suh, s dodirima grubosti i blage mineralnosti koji ostaju na nepcu nakon gutljaja.<\/p>\n<p>&nbsp;<\/p>\n<p><strong>VINIFIKACIJA<\/strong><br \/>\n72 h hladne maceracije nakon \u010dega slijedi 10 dana fermentacije uz maceraciju.<\/p>\n<p><strong>SAZRIJEVANJE<\/strong><br \/>\n24 mjeseca u francuskom hrastu.<\/p>\n<p><strong>UPARIVANJE<\/strong><br \/>\nIdealno pristaje uz odle\u017eane odreske ili zrele i slane sireve, u dru\u0161tvu onih koji kao i vi cijene fino vino.<\/div>\n<p><!-- .vgblk-rw-wrapper --><\/p>\n","protected":false},"excerpt":{"rendered":"<p>Vrsta vina: Suho crveno<br \/>\nBerba: 2017.<br \/>\nSorta: Babi\u0107<br \/>\nDr\u017eava: Hrvatska<br \/>\nRegija: Dalmacija<br \/>\nVinograd: pojedina\u010dni vinograd, loze Babi\u0107 stare 103 godina, Podgreben, Primo\u0161ten<br \/>\nKoli\u010dina: 0,75 L<br \/>\nAlkohol: 14,5 %<br \/>\nProizvodnja boca: 300<br \/>\nPoslu\u017eivanje: 15 \u00b0c<\/p>\n","protected":false},"featured_media":990365,"comment_status":"closed","ping_status":"closed","template":"","meta":[],"product_cat":[79],"product_tag":[],"class_list":["post-989771","product","type-product","status-publish","has-post-thumbnail","hentry","product_cat-crno","product_shipping_class-075-hr"],"_links":{"self":[{"href":"https:\/\/markuswines.com\/hr\/wp-json\/wp\/v2\/product\/989771","targetHints":{"allow":["GET"]}}],"collection":[{"href":"https:\/\/markuswines.com\/hr\/wp-json\/wp\/v2\/product"}],"about":[{"href":"https:\/\/markuswines.com\/hr\/wp-json\/wp\/v2\/types\/product"}],"replies":[{"embeddable":true,"href":"https:\/\/markuswines.com\/hr\/wp-json\/wp\/v2\/comments?post=989771"}],"version-history":[{"count":5,"href":"https:\/\/markuswines.com\/hr\/wp-json\/wp\/v2\/product\/989771\/revisions"}],"predecessor-version":[{"id":990373,"href":"https:\/\/markuswines.com\/hr\/wp-json\/wp\/v2\/product\/989771\/revisions\/990373"}],"wp:featuredmedia":[{"embeddable":true,"href":"https:\/\/markuswines.com\/hr\/wp-json\/wp\/v2\/media\/990365"}],"wp:attachment":[{"href":"https:\/\/markuswines.com\/hr\/wp-json\/wp\/v2\/media?parent=989771"}],"wp:term":[{"taxonomy":"product_cat","embeddable":true,"href":"https:\/\/markuswines.com\/hr\/wp-json\/wp\/v2\/product_cat?post=989771"},{"taxonomy":"product_tag","embeddable":true,"href":"https:\/\/markuswines.com\/hr\/wp-json\/wp\/v2\/product_tag?post=989771"}],"curies":[{"name":"wp","href":"https:\/\/api.w.org\/{rel}","templated":true}]}}