{"id":990074,"date":"2024-04-15T10:12:30","date_gmt":"2024-04-15T08:12:30","guid":{"rendered":"https:\/\/markuswines.com\/?page_id=990074"},"modified":"2024-04-15T13:26:37","modified_gmt":"2024-04-15T11:26:37","slug":"politika-privatnosti","status":"publish","type":"page","link":"https:\/\/markuswines.com\/hr\/politika-privatnosti\/","title":{"rendered":"Politika privatnosti"},"content":{"rendered":"<div class=\"vgblk-rw-wrapper limit-wrapper\">\n<p>Tijekom procesa pla\u0107anja u na\u0161oj trgovini prikupljamo odre\u0111ene informacije o vama.<\/p>\n\n\n\n<h2 class=\"wp-block-heading\"><strong>Informacije koje \u0107emo prikupiti i pohraniti<\/strong><\/h2>\n\n\n\n<p>Prilikom va\u0161eg posjeta stranici, pratit \u0107e se:<\/p>\n\n\n\n<ul class=\"wp-block-list\">\n<li>Proizvodi koje ste pogledali: koristit \u0107emo ove informacije kako bismo vam, npr. pokazali proizvode koje ste nedavno pogledali<\/li>\n\n\n\n<li>Lokacija, IP adresa i vrsta preglednika: koristit \u0107emo ove informacije za procjenu poreza i tro\u0161kova prijevoza<\/li>\n\n\n\n<li>Adresa isporuke: postavit \u0107emo vam upit vezan za va\u0161u adresu kako bismo lak\u0161e odredili i poslali vam cijenu transporta prije nego \u0161to zavr\u0161ite narud\u017ebu!<\/li>\n<\/ul>\n\n\n\n<p>Koristimo i kola\u010di\u0107e kako bismo pratili sadr\u017eaj va\u0161e ko\u0161arice dok pregledavate na\u0161u stranicu.<\/p>\n\n\n\n<p>Prilikom kupnje, zamolit \u0107emo vas da s nama podijelite informacije vezane za va\u0161e ime, adresu naplate i dostave, e-mail adresu, broj telefona, podatke o kreditnoj kartici\/pla\u0107anju te dodatne informacije o ra\u010dunu, poput korisni\u010dkog imena i lozinke. Navedene podatke koristit \u0107emo u sljede\u0107e svrhe:<\/p>\n\n\n\n<ul class=\"wp-block-list\">\n<li>Kako bismo vam poslali informacije o va\u0161em ra\u010dunu i narud\u017ebi<\/li>\n\n\n\n<li>Kako bismo odgovorili na va\u0161e zamolbe, uklju\u010duju\u0107i povrat sredstava i prigovore<\/li>\n\n\n\n<li>Za obradu pla\u0107anja i spre\u010davanje prijevara<\/li>\n\n\n\n<li>Postavljanje va\u0161eg korisni\u010dkog ra\u010duna u na\u0161oj trgovini<\/li>\n\n\n\n<li>Kako bismo se pridr\u017eavali svih zakonskih obveza, poput izra\u010dunavanja poreznih davanja<\/li>\n\n\n\n<li>Kako bismo unaprijedili ponudu u na\u0161oj trgovini<\/li>\n\n\n\n<li>Kako bismo vam mogli slati marketin\u0161ke poruke, ako ih odlu\u010dite primati<\/li>\n<\/ul>\n\n\n\n<p>Odlu\u010dite li se za kreiranje korisni\u010dkog ra\u010duna, pohranit \u0107emo va\u0161e ime, adresu, e-mail i broj telefona, te \u0107e se navedeni podaci koristiti u svrhu br\u017eeg popunjavanja obrasca prilikom budu\u0107e narud\u017ebe.<\/p>\n\n\n\n<p>Va\u0161e podatke obi\u010dno pohranjujemo onoliko dugo koliko su nam potrebni u svrhe zbog kojih ih prikupljamo i koristimo, te ih zakonski nismo obvezni dulje sa\u010duvati. Primjerice, pohranit \u0107emo informacije o narud\u017ebi XXX godina zbog poreznih i ra\u010dunovodstvenih evidencija, \u0161to uklju\u010duje va\u0161e ime, e-mail adresu i adrese za naplatu i dostavu.<\/p>\n\n\n\n<p>Pohranjujemo i komentare ili recenzije, ako ih odlu\u010dite podijeliti.<\/p>\n\n\n\n<h2 class=\"wp-block-heading\"><strong>Tko ima pristup va\u0161im podacima<\/strong><\/h2>\n\n\n\n<ul class=\"wp-block-list\">\n<li>Informacije koje s nama podijelite bit \u0107e dostupne \u010dlanovima na\u0161eg tima. Administratori i upravitelji trgovine mogu primjerice pristupiti sljede\u0107im podacima:<\/li>\n\n\n\n<li>Informacijama narud\u017ebe, \u0161to se kupilo, kada i kamo se isporu\u010duje, te podacima kupaca, poput va\u0161eg imena, e-mail adrese, kao i informacija za naplatu i dostavu.<\/li>\n<\/ul>\n\n\n\n<p>\u010clanovi na\u0161ih timova imaju pristup navedenim informacijama kako bi uspje\u0161no izvr\u0161ili narud\u017ebe, obradili povrat sredstava i pru\u017eili vam podr\u0161ku.<\/p>\n\n\n\n<h2 class=\"wp-block-heading\"><strong>Informacije koje dijelimo sa suradnicima<\/strong><\/h2>\n\n\n\n<p>Odre\u0111ene informacije dijelimo s na\u0161im suradnicima koji nam poma\u017eu osigurati kvalitetnu prodaju i uslugu; primjerice &#8212;<\/p>\n\n\n\n<h3 class=\"wp-block-heading\">Pla\u0107anje<\/h3>\n\n\n\n<p>Pla\u0107anje je mogu\u0107e putem PayPal servisa. Prilikom obrade pla\u0107anja, odre\u0111eni \u0107e va\u0161i podaci biti podijeljeni sa servisom PayPal, uklju\u010duju\u0107i potrebne informacije za obradu ili podr\u0161ku prilikom kupnje, poput ukupnog iznosa kupnje i podataka za naplatu.<\/p>\n\n\n\n<p>Za vi\u0161e detalja pogledajte <a href=\"https:\/\/www.paypal.com\/us\/legalhub\/privacy-full\">Politiku privatnosti servisa PayPal<\/a>.<\/p>\n<\/div><!-- .vgblk-rw-wrapper -->","protected":false},"excerpt":{"rendered":"<p>Tijekom procesa pla\u0107anja u na\u0161oj trgovini prikupljamo odre\u0111ene informacije o vama. Informacije koje \u0107emo prikupiti i pohraniti Prilikom va\u0161eg posjeta stranici, pratit \u0107e se: Koristimo i kola\u010di\u0107e kako bismo pratili sadr\u017eaj va\u0161e ko\u0161arice dok pregledavate na\u0161u stranicu. Prilikom kupnje, zamolit \u0107emo vas da s nama podijelite informacije vezane za va\u0161e ime, adresu naplate i dostave,&#8230;<\/p>\n","protected":false},"author":1,"featured_media":0,"parent":0,"menu_order":0,"comment_status":"closed","ping_status":"closed","template":"","meta":{"footnotes":""},"class_list":["post-990074","page","type-page","status-publish","hentry"],"_links":{"self":[{"href":"https:\/\/markuswines.com\/hr\/wp-json\/wp\/v2\/pages\/990074","targetHints":{"allow":["GET"]}}],"collection":[{"href":"https:\/\/markuswines.com\/hr\/wp-json\/wp\/v2\/pages"}],"about":[{"href":"https:\/\/markuswines.com\/hr\/wp-json\/wp\/v2\/types\/page"}],"author":[{"embeddable":true,"href":"https:\/\/markuswines.com\/hr\/wp-json\/wp\/v2\/users\/1"}],"replies":[{"embeddable":true,"href":"https:\/\/markuswines.com\/hr\/wp-json\/wp\/v2\/comments?post=990074"}],"version-history":[{"count":2,"href":"https:\/\/markuswines.com\/hr\/wp-json\/wp\/v2\/pages\/990074\/revisions"}],"predecessor-version":[{"id":990080,"href":"https:\/\/markuswines.com\/hr\/wp-json\/wp\/v2\/pages\/990074\/revisions\/990080"}],"wp:attachment":[{"href":"https:\/\/markuswines.com\/hr\/wp-json\/wp\/v2\/media?parent=990074"}],"curies":[{"name":"wp","href":"https:\/\/api.w.org\/{rel}","templated":true}]}}