{"id":989732,"date":"2023-04-04T17:49:30","date_gmt":"2023-04-04T15:49:30","guid":{"rendered":"https:\/\/dev.markuswines.com\/wines\/"},"modified":"2023-07-28T14:35:26","modified_gmt":"2023-07-28T12:35:26","slug":"vina","status":"publish","type":"page","link":"https:\/\/markuswines.com\/hr\/vina\/","title":{"rendered":"Vina"},"content":{"rendered":"\t\t<div data-elementor-type=\"wp-page\" data-elementor-id=\"989732\" class=\"elementor elementor-989732 elementor-987836\" data-elementor-post-type=\"page\">\n\t\t\t\t\t\t\t\t\t<section class=\"elementor-section elementor-top-section elementor-element elementor-element-27f61e6 elementor-section-height-min-height elementor-section-content-bottom elementor-hidden-desktop elementor-hidden-tablet elementor-hidden-mobile elementor-section-boxed elementor-section-height-default elementor-section-items-middle\" data-id=\"27f61e6\" data-element_type=\"section\" data-settings=\"{&quot;background_background&quot;:&quot;classic&quot;}\">\n\t\t\t\t\t\t\t<div class=\"elementor-background-overlay\"><\/div>\n\t\t\t\t\t\t\t<div class=\"elementor-container elementor-column-gap-default\">\n\t\t\t\t\t<div class=\"elementor-column elementor-col-100 elementor-top-column elementor-element elementor-element-3d50ef26\" data-id=\"3d50ef26\" data-element_type=\"column\">\n\t\t\t<div class=\"elementor-widget-wrap elementor-element-populated\">\n\t\t\t\t\t\t\t\t<div class=\"elementor-element elementor-element-122971cb elementor-headline--style-blurred_letters animated-slow elementor-invisible elementor-widget elementor-widget-vamtam-animated-headline\" data-id=\"122971cb\" data-element_type=\"widget\" data-settings=\"{&quot;headline_style&quot;:&quot;blurred_letters&quot;,&quot;vamtam_text&quot;:&quot;Wines&quot;,&quot;_animation&quot;:&quot;fadeInUp&quot;}\" data-widget_type=\"vamtam-animated-headline.default\">\n\t\t\t\t<div class=\"elementor-widget-container\">\n\t\t\t<link rel=\"stylesheet\" href=\"https:\/\/markuswines.com\/wp-content\/plugins\/elementor-pro\/assets\/css\/widget-animated-headline.min.css\">\t\t\t\t<h2 class=\"elementor-headline\">\n\t\t\t\t\t\t\t\t\t\t\t\t\t\t\t\t\t\t\t\t\t\t\t\t<span class=\"vamtam-word\">\t\t\t\t\t\t\t\t\t\t\t\t\t\t\t<span class=\"vamtam-letter blurred\" data-delay=\"0.17\">W<\/span>\n\t\t\t\t\t\t\t\t\t\t\t\t\t\t\t\t\t\t\t\t\t\t\t\t\t\t\t\t\t\t\t\t\t\t\t<span class=\"vamtam-letter\">i<\/span>\n\t\t\t\t\t\t\t\t\t\t\t\t\t\t\t\t\t\t\t\t\t\t\t\t\t\t\t\t\t\t\t\t\t\t\t<span class=\"vamtam-letter\">n<\/span>\n\t\t\t\t\t\t\t\t\t\t\t\t\t\t\t\t\t\t\t\t\t\t\t\t\t\t\t\t\t\t\t\t\t\t\t<span class=\"vamtam-letter\">e<\/span>\n\t\t\t\t\t\t\t\t\t\t\t\t\t\t\t\t\t\t\t\t\t\t\t\t\t\t\t\t\t\t\t\t\t\t\t<span class=\"vamtam-letter blurred\" data-delay=\"0.31\">s<\/span>\n\t\t\t\t\t\t\t\t\t\t\t\t\t\t\t\t\t\t\t<\/span>\t\t\t\t\t\t\t\t\t<\/h2>\n\t\t\t\t\t\t<\/div>\n\t\t\t\t<\/div>\n\t\t\t\t\t<\/div>\n\t\t<\/div>\n\t\t\t\t\t\t\t<\/div>\n\t\t<\/section>\n\t\t\t\t<section class=\"elementor-section elementor-top-section elementor-element elementor-element-b0b26cf elementor-section-boxed elementor-section-height-default elementor-section-height-default\" data-id=\"b0b26cf\" data-element_type=\"section\">\n\t\t\t\t\t\t<div class=\"elementor-container elementor-column-gap-default\">\n\t\t\t\t\t<div class=\"elementor-column elementor-col-100 elementor-top-column elementor-element elementor-element-247131dd\" data-id=\"247131dd\" data-element_type=\"column\">\n\t\t\t<div class=\"elementor-widget-wrap elementor-element-populated\">\n\t\t\t\t\t\t\t\t<div class=\"elementor-element elementor-element-bd21597 elementor-widget elementor-widget-heading\" data-id=\"bd21597\" data-element_type=\"widget\" data-widget_type=\"heading.default\">\n\t\t\t\t<div class=\"elementor-widget-container\">\n\t\t\t<style>\/*! elementor - v3.16.0 - 20-09-2023 *\/\n.elementor-heading-title{padding:0;margin:0;line-height:1}.elementor-widget-heading .elementor-heading-title[class*=elementor-size-]>a{color:inherit;font-size:inherit;line-height:inherit}.elementor-widget-heading .elementor-heading-title.elementor-size-small{font-size:15px}.elementor-widget-heading .elementor-heading-title.elementor-size-medium{font-size:19px}.elementor-widget-heading .elementor-heading-title.elementor-size-large{font-size:29px}.elementor-widget-heading .elementor-heading-title.elementor-size-xl{font-size:39px}.elementor-widget-heading .elementor-heading-title.elementor-size-xxl{font-size:59px}<\/style><h6 class=\"elementor-heading-title elementor-size-default\">Predanost detaljima<\/h6>\t\t<\/div>\n\t\t\t\t<\/div>\n\t\t\t\t<div class=\"elementor-element elementor-element-1c521548 elementor-hidden-desktop elementor-hidden-tablet elementor-hidden-mobile elementor-widget elementor-widget-heading\" data-id=\"1c521548\" data-element_type=\"widget\" data-widget_type=\"heading.default\">\n\t\t\t\t<div class=\"elementor-widget-container\">\n\t\t\t<h2 class=\"elementor-heading-title elementor-size-default\">Na\u0161a vina<\/h2>\t\t<\/div>\n\t\t\t\t<\/div>\n\t\t\t\t<div class=\"elementor-element elementor-element-237f356b elementor-widget elementor-widget-text-editor\" data-id=\"237f356b\" data-element_type=\"widget\" data-widget_type=\"text-editor.default\">\n\t\t\t\t<div class=\"elementor-widget-container\">\n\t\t\t<style>\/*! elementor - v3.16.0 - 20-09-2023 *\/\n.elementor-widget-text-editor.elementor-drop-cap-view-stacked .elementor-drop-cap{background-color:#69727d;color:#fff}.elementor-widget-text-editor.elementor-drop-cap-view-framed .elementor-drop-cap{color:#69727d;border:3px solid;background-color:transparent}.elementor-widget-text-editor:not(.elementor-drop-cap-view-default) .elementor-drop-cap{margin-top:8px}.elementor-widget-text-editor:not(.elementor-drop-cap-view-default) .elementor-drop-cap-letter{width:1em;height:1em}.elementor-widget-text-editor .elementor-drop-cap{float:left;text-align:center;line-height:1;font-size:50px}.elementor-widget-text-editor .elementor-drop-cap-letter{display:inline-block}<\/style>\t\t\t\t<p>Na\u0161e gro\u017e\u0111e u potpunosti ru\u010dno beru timovi iskusnih bera\u010da koji po\u010dinju prije izlaska<br \/>sunca i, unutar nekoliko minuta od branja i stavljanja gro\u017e\u0111a u male kante kako bi se<br \/>sprije\u010dilo o\u0161te\u0107enje, utovaruju gro\u017e\u0111e u kamione hladnja\u010de. Gro\u017e\u0111e se prevozi u vinariju<br \/>gdje se ru\u010dno razvrstava i obra\u0111uje pomo\u0107u najbolje opreme kako bi zadr\u017ealo puni<br \/>spektar okusa i mirisa. Spojem tradicionalnih tehnika i suvremene tehnologije nastojimo<br \/>stvoriti kolekciju jedinstvenih i vrhunskih vina koja odra\u017eavaju individualne karakteristike<br \/>autohtonih sorti na\u0161e regije.<\/p>\t\t\t\t\t\t<\/div>\n\t\t\t\t<\/div>\n\t\t\t\t\t<\/div>\n\t\t<\/div>\n\t\t\t\t\t\t\t<\/div>\n\t\t<\/section>\n\t\t\t\t<section class=\"elementor-section elementor-top-section elementor-element elementor-element-6ece894 elementor-section-boxed elementor-section-height-default elementor-section-height-default\" data-id=\"6ece894\" data-element_type=\"section\">\n\t\t\t\t\t\t<div class=\"elementor-container elementor-column-gap-default\">\n\t\t\t\t\t<div class=\"elementor-column elementor-col-100 elementor-top-column elementor-element elementor-element-c0b943e\" data-id=\"c0b943e\" data-element_type=\"column\">\n\t\t\t<div class=\"elementor-widget-wrap elementor-element-populated\">\n\t\t\t\t\t\t\t\t<div class=\"elementor-element elementor-element-58019e1 elementor-grid-mobile-1 elementor-grid-4 elementor-grid-tablet-3 elementor-products-grid elementor-wc-products elementor-widget elementor-widget-woocommerce-products\" data-id=\"58019e1\" data-element_type=\"widget\" data-widget_type=\"woocommerce-products.default\">\n\t\t\t\t<div class=\"elementor-widget-container\">\n\t\t\t<link rel=\"stylesheet\" href=\"https:\/\/markuswines.com\/wp-content\/plugins\/elementor-pro\/assets\/css\/widget-woocommerce.min.css\"><div class=\"woocommerce columns-4 \"><ul class=\"products elementor-grid vamtam-wc columns-4\">\n<li class=\"product type-product post-989839 status-publish first instock product_cat-rose-hr has-post-thumbnail taxable shipping-taxable purchasable product-type-simple\">\n\t\t\t\t\t\t\t<!-- Open content -->\n\t\t\t<div class=\"vamtam-product-content\">\n\t\t\t<h2 class=\"woocommerce-loop-product__title\">Ros\u00e9<\/h2>\t\t\t\t\t<div class=\"vamtam-product-cats\"><a href=\"https:\/\/markuswines.com\/hr\/kategorija-proizvoda\/rose-hr\/\" rel=\"tag\">Ros\u00e9<\/a><\/div>\n\t<span class=\"price\"><span class=\"woocommerce-Price-amount amount\"><bdi>25.00<span class=\"woocommerce-Price-currencySymbol\">&euro;<\/span><\/bdi><\/span><\/span>\n\t\t\t<\/div>\n\t\t\t<!-- Close content -->\n\t\t\t<div class=\"vamtam-add-to-cart-wrap\"><a href=\"?add-to-cart=989839\" data-quantity=\"1\" class=\"button product_type_simple add_to_cart_button ajax_add_to_cart\" data-product_id=\"989839\" data-product_sku=\"\" aria-label=\"Add &ldquo;Ros\u00e9&rdquo; to your cart\" aria-describedby=\"\" rel=\"nofollow\">Add to cart<\/a><\/div>\t\t<\/li>\n<li class=\"product type-product post-989771 status-publish instock product_cat-crno has-post-thumbnail taxable shipping-taxable purchasable product-type-simple\">\n\t\t\t\t\t\t\t<!-- Open content -->\n\t\t\t<div class=\"vamtam-product-content\">\n\t\t\t<h2 class=\"woocommerce-loop-product__title\">Franz Ferdinand 103<\/h2>\t\t\t\t\t<div class=\"vamtam-product-cats\"><a href=\"https:\/\/markuswines.com\/hr\/kategorija-proizvoda\/crno\/\" rel=\"tag\">Crno<\/a><\/div>\n\t<span class=\"price\"><span class=\"woocommerce-Price-amount amount\"><bdi>400.00<span class=\"woocommerce-Price-currencySymbol\">&euro;<\/span><\/bdi><\/span><\/span>\n\t\t\t<\/div>\n\t\t\t<!-- Close content -->\n\t\t\t<div class=\"vamtam-add-to-cart-wrap\"><a href=\"?add-to-cart=989771\" data-quantity=\"1\" class=\"button product_type_simple add_to_cart_button ajax_add_to_cart\" data-product_id=\"989771\" data-product_sku=\"\" aria-label=\"Add &ldquo;Franz Ferdinand 103&rdquo; to your cart\" aria-describedby=\"\" rel=\"nofollow\">Add to cart<\/a><\/div>\t\t<\/li>\n<li class=\"product type-product post-989778 status-publish instock product_cat-crno has-post-thumbnail taxable shipping-taxable purchasable product-type-simple\">\n\t\t\t\t\t\t\t<!-- Open content -->\n\t\t\t<div class=\"vamtam-product-content\">\n\t\t\t<h2 class=\"woocommerce-loop-product__title\">Pepejuh<\/h2>\t\t\t\t\t<div class=\"vamtam-product-cats\"><a href=\"https:\/\/markuswines.com\/hr\/kategorija-proizvoda\/crno\/\" rel=\"tag\">Crno<\/a><\/div>\n\t<span class=\"price\"><span class=\"woocommerce-Price-amount amount\"><bdi>82.00<span class=\"woocommerce-Price-currencySymbol\">&euro;<\/span><\/bdi><\/span><\/span>\n\t\t\t<\/div>\n\t\t\t<!-- Close content -->\n\t\t\t<div class=\"vamtam-add-to-cart-wrap\"><a href=\"?add-to-cart=989778\" data-quantity=\"1\" class=\"button product_type_simple add_to_cart_button ajax_add_to_cart\" data-product_id=\"989778\" data-product_sku=\"\" aria-label=\"Add &ldquo;Pepejuh&rdquo; to your cart\" aria-describedby=\"\" rel=\"nofollow\">Add to cart<\/a><\/div>\t\t<\/li>\n<li class=\"product type-product post-989853 status-publish last instock product_cat-bijelo has-post-thumbnail taxable shipping-taxable purchasable product-type-simple\">\n\t\t\t\t\t\t\t<!-- Open content -->\n\t\t\t<div class=\"vamtam-product-content\">\n\t\t\t<h2 class=\"woocommerce-loop-product__title\">O tom potom<\/h2>\t\t\t\t\t<div class=\"vamtam-product-cats\"><a href=\"https:\/\/markuswines.com\/hr\/kategorija-proizvoda\/bijelo\/\" rel=\"tag\">Bijelo<\/a><\/div>\n\t<span class=\"price\"><span class=\"woocommerce-Price-amount amount\"><bdi>30.00<span class=\"woocommerce-Price-currencySymbol\">&euro;<\/span><\/bdi><\/span><\/span>\n\t\t\t<\/div>\n\t\t\t<!-- Close content -->\n\t\t\t<div class=\"vamtam-add-to-cart-wrap\"><a href=\"?add-to-cart=989853\" data-quantity=\"1\" class=\"button product_type_simple add_to_cart_button ajax_add_to_cart\" data-product_id=\"989853\" data-product_sku=\"\" aria-label=\"Add &ldquo;O tom potom&rdquo; to your cart\" aria-describedby=\"\" rel=\"nofollow\">Add to cart<\/a><\/div>\t\t<\/li>\n<li class=\"product type-product post-989867 status-publish first instock product_cat-bijelo has-post-thumbnail taxable shipping-taxable purchasable product-type-simple\">\n\t\t\t\t\t\t\t<!-- Open content -->\n\t\t\t<div class=\"vamtam-product-content\">\n\t\t\t<h2 class=\"woocommerce-loop-product__title\">Dan po dan<\/h2>\t\t\t\t\t<div class=\"vamtam-product-cats\"><a href=\"https:\/\/markuswines.com\/hr\/kategorija-proizvoda\/bijelo\/\" rel=\"tag\">Bijelo<\/a><\/div>\n\t<span class=\"price\"><span class=\"woocommerce-Price-amount amount\"><bdi>39.00<span class=\"woocommerce-Price-currencySymbol\">&euro;<\/span><\/bdi><\/span><\/span>\n\t\t\t<\/div>\n\t\t\t<!-- Close content -->\n\t\t\t<div class=\"vamtam-add-to-cart-wrap\"><a href=\"?add-to-cart=989867\" data-quantity=\"1\" class=\"button product_type_simple add_to_cart_button ajax_add_to_cart\" data-product_id=\"989867\" data-product_sku=\"\" aria-label=\"Add &ldquo;Dan po dan&rdquo; to your cart\" aria-describedby=\"\" rel=\"nofollow\">Add to cart<\/a><\/div>\t\t<\/li>\n<li class=\"product type-product post-989869 status-publish instock product_cat-crno has-post-thumbnail taxable shipping-taxable purchasable product-type-simple\">\n\t\t\t\t\t\t\t<!-- Open content -->\n\t\t\t<div class=\"vamtam-product-content\">\n\t\t\t<h2 class=\"woocommerce-loop-product__title\">Fetivi<\/h2>\t\t\t\t\t<div class=\"vamtam-product-cats\"><a href=\"https:\/\/markuswines.com\/hr\/kategorija-proizvoda\/crno\/\" rel=\"tag\">Crno<\/a><\/div>\n\t<span class=\"price\"><span class=\"woocommerce-Price-amount amount\"><bdi>75.00<span class=\"woocommerce-Price-currencySymbol\">&euro;<\/span><\/bdi><\/span><\/span>\n\t\t\t<\/div>\n\t\t\t<!-- Close content -->\n\t\t\t<div class=\"vamtam-add-to-cart-wrap\"><a href=\"?add-to-cart=989869\" data-quantity=\"1\" class=\"button product_type_simple add_to_cart_button ajax_add_to_cart\" data-product_id=\"989869\" data-product_sku=\"\" aria-label=\"Add &ldquo;Fetivi&rdquo; to your cart\" aria-describedby=\"\" rel=\"nofollow\">Add to cart<\/a><\/div>\t\t<\/li>\n<li class=\"product type-product post-989871 status-publish instock product_cat-crno has-post-thumbnail taxable shipping-taxable purchasable product-type-simple\">\n\t\t\t\t\t\t\t<!-- Open content -->\n\t\t\t<div class=\"vamtam-product-content\">\n\t\t\t<h2 class=\"woocommerce-loop-product__title\">Babi\u0107<\/h2>\t\t\t\t\t<div class=\"vamtam-product-cats\"><a href=\"https:\/\/markuswines.com\/hr\/kategorija-proizvoda\/crno\/\" rel=\"tag\">Crno<\/a><\/div>\n\t<span class=\"price\"><span class=\"woocommerce-Price-amount amount\"><bdi>90.00<span class=\"woocommerce-Price-currencySymbol\">&euro;<\/span><\/bdi><\/span><\/span>\n\t\t\t<\/div>\n\t\t\t<!-- Close content -->\n\t\t\t<div class=\"vamtam-add-to-cart-wrap\"><a href=\"?add-to-cart=989871\" data-quantity=\"1\" class=\"button product_type_simple add_to_cart_button ajax_add_to_cart\" data-product_id=\"989871\" data-product_sku=\"\" aria-label=\"Add &ldquo;Babi\u0107&rdquo; to your cart\" aria-describedby=\"\" rel=\"nofollow\">Add to cart<\/a><\/div>\t\t<\/li>\n<li class=\"product type-product post-989826 status-publish last instock product_cat-crno has-post-thumbnail taxable shipping-taxable purchasable product-type-simple\">\n\t\t\t\t\t\t\t<!-- Open content -->\n\t\t\t<div class=\"vamtam-product-content\">\n\t\t\t<h2 class=\"woocommerce-loop-product__title\">Veliko Crno<\/h2>\t\t\t\t\t<div class=\"vamtam-product-cats\"><a href=\"https:\/\/markuswines.com\/hr\/kategorija-proizvoda\/crno\/\" rel=\"tag\">Crno<\/a><\/div>\n\t<span class=\"price\"><span class=\"woocommerce-Price-amount amount\"><bdi>67.00<span class=\"woocommerce-Price-currencySymbol\">&euro;<\/span><\/bdi><\/span><\/span>\n\t\t\t<\/div>\n\t\t\t<!-- Close content -->\n\t\t\t<div class=\"vamtam-add-to-cart-wrap\"><a href=\"?add-to-cart=989826\" data-quantity=\"1\" class=\"button product_type_simple add_to_cart_button ajax_add_to_cart\" data-product_id=\"989826\" data-product_sku=\"\" aria-label=\"Add &ldquo;Veliko Crno&rdquo; to your cart\" aria-describedby=\"\" rel=\"nofollow\">Add to cart<\/a><\/div>\t\t<\/li>\n<li class=\"product type-product post-990327 status-publish first instock product_cat-bijelo has-post-thumbnail taxable shipping-taxable purchasable product-type-simple\">\n\t\t\t\t\t\t\t<!-- Open content -->\n\t\t\t<div class=\"vamtam-product-content\">\n\t\t\t<h2 class=\"woocommerce-loop-product__title\">Serendipity<\/h2>\t\t\t\t\t<div class=\"vamtam-product-cats\"><a href=\"https:\/\/markuswines.com\/hr\/kategorija-proizvoda\/bijelo\/\" rel=\"tag\">Bijelo<\/a><\/div>\n\t<span class=\"price\"><span class=\"woocommerce-Price-amount amount\"><bdi>45.00<span class=\"woocommerce-Price-currencySymbol\">&euro;<\/span><\/bdi><\/span><\/span>\n\t\t\t<\/div>\n\t\t\t<!-- Close content -->\n\t\t\t<div class=\"vamtam-add-to-cart-wrap\"><a href=\"?add-to-cart=990327\" data-quantity=\"1\" class=\"button product_type_simple add_to_cart_button ajax_add_to_cart\" data-product_id=\"990327\" data-product_sku=\"\" aria-label=\"Add &ldquo;Serendipity&rdquo; to your cart\" aria-describedby=\"\" rel=\"nofollow\">Add to cart<\/a><\/div>\t\t<\/li>\n<li class=\"product type-product post-990393 status-publish instock product_cat-bijelo has-post-thumbnail taxable shipping-taxable purchasable product-type-simple\">\n\t\t\t\t\t\t\t<!-- Open content -->\n\t\t\t<div class=\"vamtam-product-content\">\n\t\t\t<h2 class=\"woocommerce-loop-product__title\">Pomalo<\/h2>\t\t\t\t\t<div class=\"vamtam-product-cats\"><a href=\"https:\/\/markuswines.com\/hr\/kategorija-proizvoda\/bijelo\/\" rel=\"tag\">Bijelo<\/a><\/div>\n\t<span class=\"price\"><span class=\"woocommerce-Price-amount amount\"><bdi>23.00<span class=\"woocommerce-Price-currencySymbol\">&euro;<\/span><\/bdi><\/span><\/span>\n\t\t\t<\/div>\n\t\t\t<!-- Close content -->\n\t\t\t<div class=\"vamtam-add-to-cart-wrap\"><a href=\"?add-to-cart=990393\" data-quantity=\"1\" class=\"button product_type_simple add_to_cart_button ajax_add_to_cart\" data-product_id=\"990393\" data-product_sku=\"\" aria-label=\"Add &ldquo;Pomalo&rdquo; to your cart\" aria-describedby=\"\" rel=\"nofollow\">Add to cart<\/a><\/div>\t\t<\/li>\n<\/ul>\n<\/div>\t\t<\/div>\n\t\t\t\t<\/div>\n\t\t\t\t\t<\/div>\n\t\t<\/div>\n\t\t\t\t\t\t\t<\/div>\n\t\t<\/section>\n\t\t\t\t\t\t\t<\/div>\n\t\t","protected":false},"excerpt":{"rendered":"<p>W i n e s Predanost detaljima Na\u0161a vina Na\u0161e gro\u017e\u0111e u potpunosti ru\u010dno beru timovi iskusnih bera\u010da koji po\u010dinju prije izlaskasunca i, unutar nekoliko minuta od branja i stavljanja gro\u017e\u0111a u male kante kako bi sesprije\u010dilo o\u0161te\u0107enje, utovaruju gro\u017e\u0111e u kamione hladnja\u010de. Gro\u017e\u0111e se prevozi u vinarijugdje se ru\u010dno razvrstava i obra\u0111uje pomo\u0107u najbolje&#8230;<\/p>\n","protected":false},"author":1,"featured_media":0,"parent":0,"menu_order":0,"comment_status":"closed","ping_status":"closed","template":"","meta":{"footnotes":""},"class_list":["post-989732","page","type-page","status-publish","hentry"],"_links":{"self":[{"href":"https:\/\/markuswines.com\/hr\/wp-json\/wp\/v2\/pages\/989732","targetHints":{"allow":["GET"]}}],"collection":[{"href":"https:\/\/markuswines.com\/hr\/wp-json\/wp\/v2\/pages"}],"about":[{"href":"https:\/\/markuswines.com\/hr\/wp-json\/wp\/v2\/types\/page"}],"author":[{"embeddable":true,"href":"https:\/\/markuswines.com\/hr\/wp-json\/wp\/v2\/users\/1"}],"replies":[{"embeddable":true,"href":"https:\/\/markuswines.com\/hr\/wp-json\/wp\/v2\/comments?post=989732"}],"version-history":[{"count":8,"href":"https:\/\/markuswines.com\/hr\/wp-json\/wp\/v2\/pages\/989732\/revisions"}],"predecessor-version":[{"id":990016,"href":"https:\/\/markuswines.com\/hr\/wp-json\/wp\/v2\/pages\/989732\/revisions\/990016"}],"wp:attachment":[{"href":"https:\/\/markuswines.com\/hr\/wp-json\/wp\/v2\/media?parent=989732"}],"curies":[{"name":"wp","href":"https:\/\/api.w.org\/{rel}","templated":true}]}}